{"id":244,"date":"2021-01-26T00:35:55","date_gmt":"2021-01-26T00:35:55","guid":{"rendered":"https:\/\/habib.com.mx\/?post_type=product&#038;p=244"},"modified":"2021-04-22T23:10:53","modified_gmt":"2021-04-22T23:10:53","slug":"rio-revuelto-espadin","status":"publish","type":"product","link":"https:\/\/habib.com.mx\/?product=rio-revuelto-espadin","title":{"rendered":"R\u00edo Revuelto Espad\u00edn"},"content":{"rendered":"","protected":false},"excerpt":{"rendered":"<p>Maguey: Espad\u00edn<\/p>\n<p>Agave: A. Angustifolia Haw<\/p>\n<p>Horno: C\u00f3nico de tierra<\/p>\n<p>Molienda: Molino con tahona de piedra<\/p>\n<p>Fermentaci\u00f3n: Tinas de madera de pino y agua de r\u00edo<\/p>\n<p>Destilaci\u00f3n:Doble en alambique de cobre<\/p>\n<p>Riqueza alcoh\u00f3lica: 45% alc. Vol<\/p>\n<p>Zona:San Luis del R\u00edo , Oax.<\/p>\n<p>Maestro mezcalero: Virgilio Velasco P\u00e9rez<\/p>\n","protected":false},"featured_media":537,"comment_status":"open","ping_status":"closed","template":"","meta":[],"class_list":{"0":"post-244","1":"product","2":"type-product","3":"status-publish","4":"has-post-thumbnail","6":"product_cat-mezcales","8":"first","9":"instock","10":"taxable","11":"shipping-taxable","12":"purchasable","13":"product-type-variable"},"yoast_head":"<!-- This site is optimized with the Yoast SEO plugin v15.7 - https:\/\/yoast.com\/wordpress\/plugins\/seo\/ -->\n<title>R\u00edo Revuelto Espad\u00edn -<\/title>\n<meta name=\"robots\" content=\"index, follow, max-snippet:-1, max-image-preview:large, max-video-preview:-1\" \/>\n<link rel=\"canonical\" href=\"https:\/\/habib.com.mx\/?product=rio-revuelto-espadin\" \/>\n<meta property=\"og:locale\" content=\"es_MX\" \/>\n<meta property=\"og:type\" content=\"article\" \/>\n<meta property=\"og:title\" content=\"R\u00edo Revuelto Espad\u00edn -\" \/>\n<meta property=\"og:description\" content=\"Maguey: Espad\u00edn  Agave: A. Angustifolia Haw  Horno: C\u00f3nico de tierra  Molienda: Molino con tahona de piedra  Fermentaci\u00f3n: Tinas de madera de pino y agua de r\u00edo  Destilaci\u00f3n:Doble en alambique de cobre  Riqueza alcoh\u00f3lica: 45% alc. Vol  Zona:San Luis del R\u00edo , Oax.  Maestro mezcalero: Virgilio Velasco P\u00e9rez\" \/>\n<meta property=\"og:url\" content=\"https:\/\/habib.com.mx\/?product=rio-revuelto-espadin\" \/>\n<meta property=\"article:modified_time\" content=\"2021-04-22T23:10:53+00:00\" \/>\n<meta property=\"og:image\" content=\"https:\/\/habib.com.mx\/wp-content\/uploads\/2021\/01\/Captura-de-pantalla-2021-04-22-a-las-18.05.47.png\" \/>\n\t<meta property=\"og:image:width\" content=\"516\" \/>\n\t<meta property=\"og:image:height\" content=\"781\" \/>\n<meta name=\"twitter:card\" content=\"summary_large_image\" \/>\n<script type=\"application\/ld+json\" class=\"yoast-schema-graph\">{\"@context\":\"https:\/\/schema.org\",\"@graph\":[{\"@type\":\"WebSite\",\"@id\":\"https:\/\/habib.com.mx\/#website\",\"url\":\"https:\/\/habib.com.mx\/\",\"name\":\"\",\"description\":\"\",\"potentialAction\":[{\"@type\":\"SearchAction\",\"target\":\"https:\/\/habib.com.mx\/?s={search_term_string}\",\"query-input\":\"required name=search_term_string\"}],\"inLanguage\":\"es\"},{\"@type\":\"ImageObject\",\"@id\":\"https:\/\/habib.com.mx\/?product=rio-revuelto-espadin#primaryimage\",\"inLanguage\":\"es\",\"url\":\"https:\/\/habib.com.mx\/wp-content\/uploads\/2021\/01\/Captura-de-pantalla-2021-04-22-a-las-18.05.47.png\",\"width\":516,\"height\":781,\"caption\":\"R\\u00edo Revuelto Espad\\u00edn\"},{\"@type\":\"WebPage\",\"@id\":\"https:\/\/habib.com.mx\/?product=rio-revuelto-espadin#webpage\",\"url\":\"https:\/\/habib.com.mx\/?product=rio-revuelto-espadin\",\"name\":\"R\\u00edo Revuelto Espad\\u00edn -\",\"isPartOf\":{\"@id\":\"https:\/\/habib.com.mx\/#website\"},\"primaryImageOfPage\":{\"@id\":\"https:\/\/habib.com.mx\/?product=rio-revuelto-espadin#primaryimage\"},\"datePublished\":\"2021-01-26T00:35:55+00:00\",\"dateModified\":\"2021-04-22T23:10:53+00:00\",\"inLanguage\":\"es\",\"potentialAction\":[{\"@type\":\"ReadAction\",\"target\":[\"https:\/\/habib.com.mx\/?product=rio-revuelto-espadin\"]}]}]}<\/script>\n<!-- \/ Yoast SEO plugin. -->","_links":{"self":[{"href":"https:\/\/habib.com.mx\/index.php?rest_route=\/wp\/v2\/product\/244","targetHints":{"allow":["GET"]}}],"collection":[{"href":"https:\/\/habib.com.mx\/index.php?rest_route=\/wp\/v2\/product"}],"about":[{"href":"https:\/\/habib.com.mx\/index.php?rest_route=\/wp\/v2\/types\/product"}],"replies":[{"embeddable":true,"href":"https:\/\/habib.com.mx\/index.php?rest_route=%2Fwp%2Fv2%2Fcomments&post=244"}],"wp:featuredmedia":[{"embeddable":true,"href":"https:\/\/habib.com.mx\/index.php?rest_route=\/wp\/v2\/media\/537"}],"wp:attachment":[{"href":"https:\/\/habib.com.mx\/index.php?rest_route=%2Fwp%2Fv2%2Fmedia&parent=244"}],"curies":[{"name":"wp","href":"https:\/\/api.w.org\/{rel}","templated":true}]}}