{"id":225,"date":"2021-01-25T23:05:39","date_gmt":"2021-01-25T23:05:39","guid":{"rendered":"https:\/\/habib.com.mx\/?post_type=product&#038;p=225"},"modified":"2021-01-29T00:26:35","modified_gmt":"2021-01-29T00:26:35","slug":"chocolate-anis","status":"publish","type":"product","link":"https:\/\/habib.com.mx\/?product=chocolate-anis","title":{"rendered":"Chocolate An\u00eds"},"content":{"rendered":"","protected":false},"excerpt":{"rendered":"<p>Chocolate oaxaque\u00f1o sabor an\u00eds.<\/p>\n<p>2 tablillas de 100 gr.<\/p>\n<p>Dulce (33% cacao), semidulce (50% cacao) y amargo (80% cacao).<\/p>\n","protected":false},"featured_media":226,"comment_status":"open","ping_status":"closed","template":"","meta":[],"class_list":{"0":"post-225","1":"product","2":"type-product","3":"status-publish","4":"has-post-thumbnail","6":"product_cat-chocolates","8":"first","9":"instock","10":"taxable","11":"shipping-taxable","12":"purchasable","13":"product-type-simple"},"yoast_head":"<!-- This site is optimized with the Yoast SEO plugin v15.7 - https:\/\/yoast.com\/wordpress\/plugins\/seo\/ -->\n<title>Chocolate An\u00eds -<\/title>\n<meta name=\"robots\" content=\"index, follow, max-snippet:-1, max-image-preview:large, max-video-preview:-1\" \/>\n<link rel=\"canonical\" href=\"https:\/\/habib.com.mx\/?product=chocolate-anis\" \/>\n<meta property=\"og:locale\" content=\"es_MX\" \/>\n<meta property=\"og:type\" content=\"article\" \/>\n<meta property=\"og:title\" content=\"Chocolate An\u00eds -\" \/>\n<meta property=\"og:description\" content=\"Chocolate oaxaque\u00f1o sabor an\u00eds.  2 tablillas de 100 gr.  Dulce (33% cacao), semidulce (50% cacao) y amargo (80% cacao).\" \/>\n<meta property=\"og:url\" content=\"https:\/\/habib.com.mx\/?product=chocolate-anis\" \/>\n<meta property=\"article:modified_time\" content=\"2021-01-29T00:26:35+00:00\" \/>\n<meta property=\"og:image\" content=\"https:\/\/habib.com.mx\/wp-content\/uploads\/2021\/01\/Captura-de-pantalla-2021-01-25-a-las-17.05.22.png\" \/>\n\t<meta property=\"og:image:width\" content=\"468\" \/>\n\t<meta property=\"og:image:height\" content=\"461\" \/>\n<meta name=\"twitter:card\" content=\"summary_large_image\" \/>\n<script type=\"application\/ld+json\" class=\"yoast-schema-graph\">{\"@context\":\"https:\/\/schema.org\",\"@graph\":[{\"@type\":\"WebSite\",\"@id\":\"https:\/\/habib.com.mx\/#website\",\"url\":\"https:\/\/habib.com.mx\/\",\"name\":\"\",\"description\":\"\",\"potentialAction\":[{\"@type\":\"SearchAction\",\"target\":\"https:\/\/habib.com.mx\/?s={search_term_string}\",\"query-input\":\"required name=search_term_string\"}],\"inLanguage\":\"es\"},{\"@type\":\"ImageObject\",\"@id\":\"https:\/\/habib.com.mx\/?product=chocolate-anis#primaryimage\",\"inLanguage\":\"es\",\"url\":\"https:\/\/habib.com.mx\/wp-content\/uploads\/2021\/01\/Captura-de-pantalla-2021-01-25-a-las-17.05.22.png\",\"width\":468,\"height\":461,\"caption\":\"Chocolate de An\\u00eds\"},{\"@type\":\"WebPage\",\"@id\":\"https:\/\/habib.com.mx\/?product=chocolate-anis#webpage\",\"url\":\"https:\/\/habib.com.mx\/?product=chocolate-anis\",\"name\":\"Chocolate An\\u00eds -\",\"isPartOf\":{\"@id\":\"https:\/\/habib.com.mx\/#website\"},\"primaryImageOfPage\":{\"@id\":\"https:\/\/habib.com.mx\/?product=chocolate-anis#primaryimage\"},\"datePublished\":\"2021-01-25T23:05:39+00:00\",\"dateModified\":\"2021-01-29T00:26:35+00:00\",\"inLanguage\":\"es\",\"potentialAction\":[{\"@type\":\"ReadAction\",\"target\":[\"https:\/\/habib.com.mx\/?product=chocolate-anis\"]}]}]}<\/script>\n<!-- \/ Yoast SEO plugin. -->","_links":{"self":[{"href":"https:\/\/habib.com.mx\/index.php?rest_route=\/wp\/v2\/product\/225","targetHints":{"allow":["GET"]}}],"collection":[{"href":"https:\/\/habib.com.mx\/index.php?rest_route=\/wp\/v2\/product"}],"about":[{"href":"https:\/\/habib.com.mx\/index.php?rest_route=\/wp\/v2\/types\/product"}],"replies":[{"embeddable":true,"href":"https:\/\/habib.com.mx\/index.php?rest_route=%2Fwp%2Fv2%2Fcomments&post=225"}],"wp:featuredmedia":[{"embeddable":true,"href":"https:\/\/habib.com.mx\/index.php?rest_route=\/wp\/v2\/media\/226"}],"wp:attachment":[{"href":"https:\/\/habib.com.mx\/index.php?rest_route=%2Fwp%2Fv2%2Fmedia&parent=225"}],"curies":[{"name":"wp","href":"https:\/\/api.w.org\/{rel}","templated":true}]}}