{"id":202,"date":"2021-01-25T22:06:08","date_gmt":"2021-01-25T22:06:08","guid":{"rendered":"https:\/\/habib.com.mx\/?post_type=product&#038;p=202"},"modified":"2021-01-29T00:28:50","modified_gmt":"2021-01-29T00:28:50","slug":"chocolate-cedron","status":"publish","type":"product","link":"https:\/\/habib.com.mx\/?product=chocolate-cedron","title":{"rendered":"Chocolate Cedr\u00f3n"},"content":{"rendered":"","protected":false},"excerpt":{"rendered":"<p>Chocolate oaxaque\u00f1o sabor cedr\u00f3n.<\/p>\n<p>2 tablillas de 100 gr.<\/p>\n<p>Dulce (33% cacao), semidulce (50% cacao) y amargo (80% cacao).<\/p>\n","protected":false},"featured_media":207,"comment_status":"open","ping_status":"closed","template":"","meta":[],"class_list":{"0":"post-202","1":"product","2":"type-product","3":"status-publish","4":"has-post-thumbnail","6":"product_cat-chocolates","8":"first","9":"instock","10":"taxable","11":"shipping-taxable","12":"purchasable","13":"product-type-simple"},"yoast_head":"<!-- This site is optimized with the Yoast SEO plugin v15.7 - https:\/\/yoast.com\/wordpress\/plugins\/seo\/ -->\n<title>Chocolate Cedr\u00f3n -<\/title>\n<meta name=\"robots\" content=\"index, follow, max-snippet:-1, max-image-preview:large, max-video-preview:-1\" \/>\n<link rel=\"canonical\" href=\"https:\/\/habib.com.mx\/?product=chocolate-cedron\" \/>\n<meta property=\"og:locale\" content=\"es_MX\" \/>\n<meta property=\"og:type\" content=\"article\" \/>\n<meta property=\"og:title\" content=\"Chocolate Cedr\u00f3n -\" \/>\n<meta property=\"og:description\" content=\"Chocolate oaxaque\u00f1o sabor cedr\u00f3n.  2 tablillas de 100 gr.  Dulce (33% cacao), semidulce (50% cacao) y amargo (80% cacao).\" \/>\n<meta property=\"og:url\" content=\"https:\/\/habib.com.mx\/?product=chocolate-cedron\" \/>\n<meta property=\"article:modified_time\" content=\"2021-01-29T00:28:50+00:00\" \/>\n<meta property=\"og:image\" content=\"https:\/\/habib.com.mx\/wp-content\/uploads\/2021\/01\/Captura-de-pantalla-2021-01-25-a-las-16.48.06.png\" \/>\n\t<meta property=\"og:image:width\" content=\"483\" \/>\n\t<meta property=\"og:image:height\" content=\"446\" \/>\n<meta name=\"twitter:card\" content=\"summary_large_image\" \/>\n<script type=\"application\/ld+json\" class=\"yoast-schema-graph\">{\"@context\":\"https:\/\/schema.org\",\"@graph\":[{\"@type\":\"WebSite\",\"@id\":\"https:\/\/habib.com.mx\/#website\",\"url\":\"https:\/\/habib.com.mx\/\",\"name\":\"\",\"description\":\"\",\"potentialAction\":[{\"@type\":\"SearchAction\",\"target\":\"https:\/\/habib.com.mx\/?s={search_term_string}\",\"query-input\":\"required name=search_term_string\"}],\"inLanguage\":\"es\"},{\"@type\":\"ImageObject\",\"@id\":\"https:\/\/habib.com.mx\/?product=chocolate-cedron#primaryimage\",\"inLanguage\":\"es\",\"url\":\"https:\/\/habib.com.mx\/wp-content\/uploads\/2021\/01\/Captura-de-pantalla-2021-01-25-a-las-16.48.06.png\",\"width\":483,\"height\":446,\"caption\":\"Chocolate de Cedr\\u00f3n\"},{\"@type\":\"WebPage\",\"@id\":\"https:\/\/habib.com.mx\/?product=chocolate-cedron#webpage\",\"url\":\"https:\/\/habib.com.mx\/?product=chocolate-cedron\",\"name\":\"Chocolate Cedr\\u00f3n -\",\"isPartOf\":{\"@id\":\"https:\/\/habib.com.mx\/#website\"},\"primaryImageOfPage\":{\"@id\":\"https:\/\/habib.com.mx\/?product=chocolate-cedron#primaryimage\"},\"datePublished\":\"2021-01-25T22:06:08+00:00\",\"dateModified\":\"2021-01-29T00:28:50+00:00\",\"inLanguage\":\"es\",\"potentialAction\":[{\"@type\":\"ReadAction\",\"target\":[\"https:\/\/habib.com.mx\/?product=chocolate-cedron\"]}]}]}<\/script>\n<!-- \/ Yoast SEO plugin. -->","_links":{"self":[{"href":"https:\/\/habib.com.mx\/index.php?rest_route=\/wp\/v2\/product\/202","targetHints":{"allow":["GET"]}}],"collection":[{"href":"https:\/\/habib.com.mx\/index.php?rest_route=\/wp\/v2\/product"}],"about":[{"href":"https:\/\/habib.com.mx\/index.php?rest_route=\/wp\/v2\/types\/product"}],"replies":[{"embeddable":true,"href":"https:\/\/habib.com.mx\/index.php?rest_route=%2Fwp%2Fv2%2Fcomments&post=202"}],"wp:featuredmedia":[{"embeddable":true,"href":"https:\/\/habib.com.mx\/index.php?rest_route=\/wp\/v2\/media\/207"}],"wp:attachment":[{"href":"https:\/\/habib.com.mx\/index.php?rest_route=%2Fwp%2Fv2%2Fmedia&parent=202"}],"curies":[{"name":"wp","href":"https:\/\/api.w.org\/{rel}","templated":true}]}}