{"id":45,"date":"2021-01-25T17:31:52","date_gmt":"2021-01-25T17:31:52","guid":{"rendered":"https:\/\/habib.com.mx\/?page_id=45"},"modified":"2021-02-04T17:06:58","modified_gmt":"2021-02-04T17:06:58","slug":"quienes-somos","status":"publish","type":"page","link":"https:\/\/habib.com.mx\/","title":{"rendered":"Quienes somos"},"content":{"rendered":"\n<p>Habib Commerce es una empresa oaxaque\u00f1a dedicada a la venta y distribuci\u00f3n de productos gourmet, artesan\u00edas y oaxaque\u00f1os.<\/p>\n\n\n\n<p>Contamos, con los mejores creadores de productos gastron\u00f3micos de FoodLab, Casa Crespo, R\u00edo Revuelto y Chiliyoo, y libretas artesanales de Los Libros de Leonardo.<\/p>\n\n\n\n<p>Nuestros aliados comerciales quieren dar los mejores productos y estos lo elaboran con los mejores ingredientes y cuidando siempre la calidad.<\/p>\n\n\n\n<figure class=\"wp-block-image size-large\"><img loading=\"lazy\" decoding=\"async\" width=\"1024\" height=\"753\" src=\"https:\/\/habib.com.mx\/wp-content\/uploads\/2021\/01\/IMG_6637-1024x753.jpg\" alt=\"\" class=\"wp-image-275\" srcset=\"https:\/\/habib.com.mx\/wp-content\/uploads\/2021\/01\/IMG_6637-1024x753.jpg 1024w, https:\/\/habib.com.mx\/wp-content\/uploads\/2021\/01\/IMG_6637-300x221.jpg 300w, https:\/\/habib.com.mx\/wp-content\/uploads\/2021\/01\/IMG_6637-768x565.jpg 768w, https:\/\/habib.com.mx\/wp-content\/uploads\/2021\/01\/IMG_6637-600x441.jpg 600w, https:\/\/habib.com.mx\/wp-content\/uploads\/2021\/01\/IMG_6637.jpg 1242w\" sizes=\"auto, (max-width: 1024px) 100vw, 1024px\" \/><\/figure>\n","protected":false},"excerpt":{"rendered":"<p>Habib Commerce es una empresa oaxaque\u00f1a dedicada a la venta y distribuci\u00f3n de productos gourmet, artesan\u00edas y oaxaque\u00f1os. Contamos, con&hellip;<\/p>\n","protected":false},"author":1,"featured_media":0,"parent":0,"menu_order":1,"comment_status":"closed","ping_status":"closed","template":"","meta":{"footnotes":""},"class_list":["post-45","page","type-page","status-publish","hentry"],"yoast_head":"<!-- This site is optimized with the Yoast SEO plugin v15.7 - https:\/\/yoast.com\/wordpress\/plugins\/seo\/ -->\n<title>Habib Commerce<\/title>\n<meta name=\"description\" content=\"Habib Commerce es una empresa dedicada a la venta y distribuci\u00f3n de productos gourmet, artesan\u00edas y oaxaque\u00f1os. Tenemos productos gastron\u00f3micos de FoodLab, Casa Crespo, R\u00edo Revuelto y Chiliyoo, y libretas artesanales de Los Libros de Leonardo.\" \/>\n<meta name=\"robots\" content=\"index, follow, max-snippet:-1, max-image-preview:large, max-video-preview:-1\" \/>\n<link rel=\"canonical\" href=\"https:\/\/habib.com.mx\/\" \/>\n<meta property=\"og:locale\" content=\"es_MX\" \/>\n<meta property=\"og:type\" content=\"article\" \/>\n<meta property=\"og:title\" content=\"Habib Commerce\" \/>\n<meta property=\"og:description\" content=\"Habib Commerce es una empresa dedicada a la venta y distribuci\u00f3n de productos gourmet, artesan\u00edas y oaxaque\u00f1os. Tenemos productos gastron\u00f3micos de FoodLab, Casa Crespo, R\u00edo Revuelto y Chiliyoo, y libretas artesanales de Los Libros de Leonardo.\" \/>\n<meta property=\"og:url\" content=\"https:\/\/habib.com.mx\/\" \/>\n<meta property=\"article:modified_time\" content=\"2021-02-04T17:06:58+00:00\" \/>\n<meta property=\"og:image\" content=\"https:\/\/habib.com.mx\/wp-content\/uploads\/2021\/01\/IMG_6637-1024x753.jpg\" \/>\n<meta name=\"twitter:card\" content=\"summary_large_image\" \/>\n<meta name=\"twitter:label1\" content=\"Tiempo de lectura\">\n\t<meta name=\"twitter:data1\" content=\"1 minuto\">\n<script type=\"application\/ld+json\" class=\"yoast-schema-graph\">{\"@context\":\"https:\/\/schema.org\",\"@graph\":[{\"@type\":\"WebSite\",\"@id\":\"https:\/\/habib.com.mx\/#website\",\"url\":\"https:\/\/habib.com.mx\/\",\"name\":\"\",\"description\":\"\",\"potentialAction\":[{\"@type\":\"SearchAction\",\"target\":\"https:\/\/habib.com.mx\/?s={search_term_string}\",\"query-input\":\"required name=search_term_string\"}],\"inLanguage\":\"es\"},{\"@type\":\"ImageObject\",\"@id\":\"https:\/\/habib.com.mx\/#primaryimage\",\"inLanguage\":\"es\",\"url\":\"https:\/\/habib.com.mx\/wp-content\/uploads\/2021\/01\/IMG_6637.jpg\",\"width\":1242,\"height\":913,\"caption\":\"Habib Commerce\"},{\"@type\":\"WebPage\",\"@id\":\"https:\/\/habib.com.mx\/#webpage\",\"url\":\"https:\/\/habib.com.mx\/\",\"name\":\"Habib Commerce\",\"isPartOf\":{\"@id\":\"https:\/\/habib.com.mx\/#website\"},\"primaryImageOfPage\":{\"@id\":\"https:\/\/habib.com.mx\/#primaryimage\"},\"datePublished\":\"2021-01-25T17:31:52+00:00\",\"dateModified\":\"2021-02-04T17:06:58+00:00\",\"description\":\"Habib Commerce es una empresa dedicada a la venta y distribuci\\u00f3n de productos gourmet, artesan\\u00edas y oaxaque\\u00f1os. Tenemos productos gastron\\u00f3micos de FoodLab, Casa Crespo, R\\u00edo Revuelto y Chiliyoo, y libretas artesanales de Los Libros de Leonardo.\",\"inLanguage\":\"es\",\"potentialAction\":[{\"@type\":\"ReadAction\",\"target\":[\"https:\/\/habib.com.mx\/\"]}]}]}<\/script>\n<!-- \/ Yoast SEO plugin. -->","_links":{"self":[{"href":"https:\/\/habib.com.mx\/index.php?rest_route=\/wp\/v2\/pages\/45","targetHints":{"allow":["GET"]}}],"collection":[{"href":"https:\/\/habib.com.mx\/index.php?rest_route=\/wp\/v2\/pages"}],"about":[{"href":"https:\/\/habib.com.mx\/index.php?rest_route=\/wp\/v2\/types\/page"}],"author":[{"embeddable":true,"href":"https:\/\/habib.com.mx\/index.php?rest_route=\/wp\/v2\/users\/1"}],"replies":[{"embeddable":true,"href":"https:\/\/habib.com.mx\/index.php?rest_route=%2Fwp%2Fv2%2Fcomments&post=45"}],"version-history":[{"count":3,"href":"https:\/\/habib.com.mx\/index.php?rest_route=\/wp\/v2\/pages\/45\/revisions"}],"predecessor-version":[{"id":470,"href":"https:\/\/habib.com.mx\/index.php?rest_route=\/wp\/v2\/pages\/45\/revisions\/470"}],"wp:attachment":[{"href":"https:\/\/habib.com.mx\/index.php?rest_route=%2Fwp%2Fv2%2Fmedia&parent=45"}],"curies":[{"name":"wp","href":"https:\/\/api.w.org\/{rel}","templated":true}]}}